{"id":1039,"date":"2016-03-10T21:06:15","date_gmt":"2016-03-11T02:06:15","guid":{"rendered":"http:\/\/duvet.bleutest.com\/excursions\/randonnee-pedestre\/?lang=en"},"modified":"2026-02-24T08:36:45","modified_gmt":"2026-02-24T13:36:45","slug":"hiking","status":"publish","type":"page","link":"https:\/\/duvetnor.com\/en\/excursions\/hiking\/","title":{"rendered":"Hiking"},"content":{"rendered":"<h1 class=\"sejour-gros-titre\">\u00cele aux Li\u00e8vres, an incredible hiker&#8217;s paradise!<\/h1>\n<p class=\"par_principal_editor\">Tapered at the ends, this island reminds some of a ship, while others consider it the world&#8217;s smallest continent! An impressive 13\u00a0kilometers in length, it cannot be fully explored in one day. Discover natural lookouts, explore deserted beaches edged in brier roses, find a seal dozing on the upper part of the beach\u2026\u00a0Both wild and inviting, \u00cele aux Li\u00e8vres will enchant you.<\/p>\n<p>Ten kilometers across the water from Rivi\u00e8re du Loup, \u00cele aux Li\u00e8vres is one of the best kept secrets of the estuary! Get there in just twenty minutes aboard a Duvetnor boat. The network of hiking trails is vast and diverse (45\u00a0km), with trails ranging in difficulty from novice to expert, the level of each clearly marked on the map you will receive upon landing. As a bonus, there are no dangerous animals, no stinging plants (no poison ivy, in particular), and far fewer mosquitoes than on the coast. Plus, refreshing ocean breezes, dwarf forests, escarpments, endless beaches, driftwood\u2026 And yes-scores of memories to be made (camera a must)!<\/p>\n<h2><\/h2>\n","protected":false},"excerpt":{"rendered":"Ten kilometers across the water from Rivi\u00e8re du Loup, \u00cele aux Li\u00e8vres is one of the best kept secrets of the estuary! Get there in just twenty minutes aboard a Duvetnor boat. The network of hiking trails is vast and diverse (45\u00a0km), with trails ranging in difficulty from novice to expert, the level of each&#8230; <a class=\"view-article\" href=\"https:\/\/duvetnor.com\/en\/excursions\/hiking\/\">View Article<\/a>","protected":false},"author":1,"featured_media":6990,"parent":1034,"menu_order":1,"comment_status":"closed","ping_status":"closed","template":"template-excursion-child.php","meta":{"_acf_changed":false,"_monsterinsights_skip_tracking":false,"_monsterinsights_sitenote_active":false,"_monsterinsights_sitenote_note":"","_monsterinsights_sitenote_category":0,"footnotes":""},"class_list":["post-1039","page","type-page","status-publish","has-post-thumbnail","hentry"],"acf":[],"aioseo_notices":[],"_links":{"self":[{"href":"https:\/\/duvetnor.com\/en\/wp-json\/wp\/v2\/pages\/1039","targetHints":{"allow":["GET"]}}],"collection":[{"href":"https:\/\/duvetnor.com\/en\/wp-json\/wp\/v2\/pages"}],"about":[{"href":"https:\/\/duvetnor.com\/en\/wp-json\/wp\/v2\/types\/page"}],"author":[{"embeddable":true,"href":"https:\/\/duvetnor.com\/en\/wp-json\/wp\/v2\/users\/1"}],"replies":[{"embeddable":true,"href":"https:\/\/duvetnor.com\/en\/wp-json\/wp\/v2\/comments?post=1039"}],"version-history":[{"count":67,"href":"https:\/\/duvetnor.com\/en\/wp-json\/wp\/v2\/pages\/1039\/revisions"}],"predecessor-version":[{"id":9257,"href":"https:\/\/duvetnor.com\/en\/wp-json\/wp\/v2\/pages\/1039\/revisions\/9257"}],"up":[{"embeddable":true,"href":"https:\/\/duvetnor.com\/en\/wp-json\/wp\/v2\/pages\/1034"}],"wp:featuredmedia":[{"embeddable":true,"href":"https:\/\/duvetnor.com\/en\/wp-json\/wp\/v2\/media\/6990"}],"wp:attachment":[{"href":"https:\/\/duvetnor.com\/en\/wp-json\/wp\/v2\/media?parent=1039"}],"curies":[{"name":"wp","href":"https:\/\/api.w.org\/{rel}","templated":true}]}}