{"id":1036,"date":"2016-03-10T21:05:44","date_gmt":"2016-03-11T02:05:44","guid":{"rendered":"http:\/\/duvet.bleutest.com\/excursions\/excursions-en-mer\/?lang=en"},"modified":"2026-04-10T08:17:22","modified_gmt":"2026-04-10T13:17:22","slug":"sea-trips","status":"publish","type":"page","link":"https:\/\/duvetnor.com\/en\/excursions\/sea-trips\/","title":{"rendered":"Sea trips"},"content":{"rendered":"<h1 class=\"sejour-gros-titre\">Spend a few hour at sea\u2026<\/h1>\n\n\n<p class=\"par_principal_editor\">Frigid but fertile waters, remarkable biological diversity, seal haulouts, cliffs swarming with marine birds, and joyful little pods of belugas crossing your path! Come to the St. Lawrence with us! We promise wonderful surprises.<\/p>\n\n\n\n<ul class=\"wp-block-list\">\n<li>All our cruises are guided and educational.<\/li>\n\n\n\n<li>Departures for excursions are only available from the marina of Rivi\u00e8re-du-Loup, it is not possible to go on an excursion from \u00cele aux Li\u00e8vres (except on rare occasions).<\/li>\n\n\n\n<li>The variable tide schedule and problems with sediment dredging in the Rivi\u00e8re-du-Loup marina constrain us to modify the daily departure times for excursions. Check with us to plan your cruise.<\/li>\n<\/ul>\n\n\n\n<h5 class=\"wp-block-heading\"><span class=\"nouveaute\">Seaward bound<\/span><\/h5>\n\n\n<h2 class=\"sejour-petit-titre\">\u00celes-du-Pot cruise <\/h2>\n\n\n\n<p>Cruise around \u00celes du Pot \u00e0 l&#8217;Eau de Vie (without landing). Highly diverse marine birds (before late July), beautiful scenery, fascinating commentary on maritime history (contraband, mariner&#8217;s store, and more). The 2026 calendar will be poste in May.<\/p>\n\n\n\n<p><\/p>\n\n\n\n<p>&nbsp;<br \/><h2 class=\"sejour-petit-titre\">Pot-du-Phare cruise with landing on the island <\/h2>\n\n\n\n<p>Spend a few hours away from it all in the middle of the St. Lawrence! Discover the flora, fauna, and surprising maritime history of this little archipelago with your guide. Highly diverse, easily observable marine birds (before the end of July), including a short hike on the lighthouse island. For your own safety, please wear closed-toe, non-slip footwear to access the trails. <a href=\"https:\/\/duvetnor.com\/wp-content\/uploads\/2026\/04\/Sea-trip-ile-du-pot-2026.jpg\" title=\"\">See the 2026 calendar.<\/a><\/p>\n\n\n\n<p><\/p>\n","protected":false},"excerpt":{"rendered":"Cruise around \u00celes du Pot \u00e0 l&#8217;Eau de Vie (without landing). Highly diverse marine birds (before late July), beautiful scenery, fascinating commentary on maritime history (contraband, mariner&#8217;s store, and more). The 2026 calendar will be poste in May. &nbsp; Spend a few hours away from it all in the middle of the St. Lawrence! Discover&#8230; <a class=\"view-article\" href=\"https:\/\/duvetnor.com\/en\/excursions\/sea-trips\/\">View Article<\/a>","protected":false},"author":1,"featured_media":4076,"parent":1034,"menu_order":1,"comment_status":"closed","ping_status":"closed","template":"template-excursion-child.php","meta":{"_acf_changed":false,"_monsterinsights_skip_tracking":false,"_monsterinsights_sitenote_active":false,"_monsterinsights_sitenote_note":"","_monsterinsights_sitenote_category":0,"footnotes":""},"class_list":["post-1036","page","type-page","status-publish","has-post-thumbnail","hentry"],"acf":[],"aioseo_notices":[],"_links":{"self":[{"href":"https:\/\/duvetnor.com\/en\/wp-json\/wp\/v2\/pages\/1036","targetHints":{"allow":["GET"]}}],"collection":[{"href":"https:\/\/duvetnor.com\/en\/wp-json\/wp\/v2\/pages"}],"about":[{"href":"https:\/\/duvetnor.com\/en\/wp-json\/wp\/v2\/types\/page"}],"author":[{"embeddable":true,"href":"https:\/\/duvetnor.com\/en\/wp-json\/wp\/v2\/users\/1"}],"replies":[{"embeddable":true,"href":"https:\/\/duvetnor.com\/en\/wp-json\/wp\/v2\/comments?post=1036"}],"version-history":[{"count":86,"href":"https:\/\/duvetnor.com\/en\/wp-json\/wp\/v2\/pages\/1036\/revisions"}],"predecessor-version":[{"id":9450,"href":"https:\/\/duvetnor.com\/en\/wp-json\/wp\/v2\/pages\/1036\/revisions\/9450"}],"up":[{"embeddable":true,"href":"https:\/\/duvetnor.com\/en\/wp-json\/wp\/v2\/pages\/1034"}],"wp:featuredmedia":[{"embeddable":true,"href":"https:\/\/duvetnor.com\/en\/wp-json\/wp\/v2\/media\/4076"}],"wp:attachment":[{"href":"https:\/\/duvetnor.com\/en\/wp-json\/wp\/v2\/media?parent=1036"}],"curies":[{"name":"wp","href":"https:\/\/api.w.org\/{rel}","templated":true}]}}