{"id":1023,"date":"2016-03-18T15:12:58","date_gmt":"2016-03-18T14:12:58","guid":{"rendered":"http:\/\/duvet.bleutest.com\/lodging\/ile-aux-lievres\/chalets\/?lang=en"},"modified":"2026-03-16T08:27:20","modified_gmt":"2026-03-16T13:27:20","slug":"cottages","status":"publish","type":"page","link":"https:\/\/duvetnor.com\/en\/lodging\/ile-aux-lievres\/cottages\/","title":{"rendered":"Cottages"},"content":{"rendered":"<h1 class=\"sejour-gros-titre\">Our cottages<\/h1>\n<p class=\"par_principal_editor\">Comfortable and secluded! Fully furnished, they contain a kitchenette, a bathroom with shower, and either two or three bedrooms (most twin-bedded, some with double beds). Cozy and bright, they offer every modern amenity. Built some thirty meters from the shore, they are separated by a curtain of trees, but some have a private balcony overlooking the water. Click on cottage names for detailed plans. CITQ : 273313 <\/p>\n<p><iframe loading=\"lazy\" src=\"\/\/www.youtube.com\/embed\/i1b1tjy_4AY\" width=\"560\" height=\"314\" allowfullscreen=\"allowfullscreen\"><\/iframe><\/p>\n<ul>\n<li><a href=\"https:\/\/duvetnor.com\/wp-content\/uploads\/2017\/12\/Anse.png\" target=\"popup\" rel=\"noopener\">L&#8217;Anse<\/a> (2 br) : <span class=\"TextRun SCXW125429568 BCX8\" lang=\"EN-CA\" xml:lang=\"EN-CA\" data-contrast=\"auto\"><span class=\"NormalTextRun SCXW125429568 BCX8\">2 queen beds and one single bed (max 5 persons), 1 bathroom<\/span><\/span><span class=\"EOP SCXW125429568 BCX8\" data-ccp-props=\"{&quot;134233117&quot;:false,&quot;134233118&quot;:false,&quot;201341983&quot;:0,&quot;335559737&quot;:0,&quot;335559738&quot;:0,&quot;335559739&quot;:0,&quot;335559740&quot;:257}\">\u00a0<\/span><\/li>\n<li><a href=\"https:\/\/duvetnor.com\/wp-content\/uploads\/2017\/12\/Chouette.png\" target=\"popup\" rel=\"noopener\">La Chouette<\/a> (3 br) : <span class=\"NormalTextRun SCXW228229714 BCX8\">2 queen beds and 2 single beds (max 6 persons), 1 bathroom + 1 <\/span><span class=\"NormalTextRun SCXW228229714 BCX8\">additional<\/span><span class=\"NormalTextRun SCXW228229714 BCX8\"> bathroom ($)<\/span><\/li>\n<li><a href=\"https:\/\/duvetnor.com\/wp-content\/uploads\/2017\/12\/GelinotteNyctale.png\" target=\"popup\" rel=\"noopener\">La G\u00e9linotte<\/a> (3 br): <span class=\"TextRun SCXW211114320 BCX8\" lang=\"EN-CA\" xml:lang=\"EN-CA\" data-contrast=\"auto\"><span class=\"NormalTextRun SCXW211114320 BCX8\">6 single beds (max 6 persons), 1 bathroom + 2 <\/span><span class=\"NormalTextRun SCXW211114320 BCX8\">additional<\/span><span class=\"NormalTextRun SCXW211114320 BCX8\"> bathrooms ($)\u00a0<\/span><\/span><span class=\"EOP SCXW211114320 BCX8\" data-ccp-props=\"{&quot;134233117&quot;:false,&quot;134233118&quot;:false,&quot;201341983&quot;:0,&quot;335559737&quot;:0,&quot;335559738&quot;:0,&quot;335559739&quot;:0,&quot;335559740&quot;:257}\">\u00a0<\/span><\/li>\n<li><a href=\"https:\/\/duvetnor.com\/wp-content\/uploads\/2017\/12\/BecasseauEpervier.png\" target=\"popup\" rel=\"noopener\">Le B\u00e9casseau<\/a> &amp;\u00a0<a href=\"https:\/\/duvetnor.com\/wp-content\/uploads\/2017\/12\/BecasseauEpervier.png\" target=\"popup\" rel=\"noopener\">L&#8217;\u00c9pervier<\/a> (1 br): <span class=\"TextRun SCXW214611824 BCX8\" lang=\"EN-CA\" xml:lang=\"EN-CA\" data-contrast=\"auto\"><span class=\"NormalTextRun SCXW214611824 BCX8\">one queen bed (max 2 persons), 1 bathroom<\/span><\/span><span class=\"EOP SCXW214611824 BCX8\" data-ccp-props=\"{&quot;134233117&quot;:false,&quot;134233118&quot;:false,&quot;201341983&quot;:0,&quot;335559737&quot;:0,&quot;335559738&quot;:0,&quot;335559739&quot;:0,&quot;335559740&quot;:257}\">\u00a0<\/span><\/li>\n<li><a href=\"https:\/\/duvetnor.com\/wp-content\/uploads\/2018\/04\/Chipeau.png\" target=\"popup\" rel=\"noopener\">Le Chipeau<\/a> (3 br): <span class=\"TextRun SCXW87638543 BCX8\" lang=\"EN-CA\" xml:lang=\"EN-CA\" data-contrast=\"auto\"><span class=\"NormalTextRun SCXW87638543 BCX8\">1 queen bed and 4 single beds (max 6 persons), <\/span><span class=\"NormalTextRun SCXW87638543 BCX8\">2<\/span><span class=\"NormalTextRun SCXW87638543 BCX8\">\u00a0bathroom<\/span><span class=\"NormalTextRun SCXW87638543 BCX8\">s<\/span><span class=\"NormalTextRun SCXW87638543 BCX8\"> + <\/span><span class=\"NormalTextRun SCXW87638543 BCX8\">1<\/span><span class=\"NormalTextRun SCXW87638543 BCX8\">\u00a0<\/span><span class=\"NormalTextRun SCXW87638543 BCX8\">additional<\/span><span class=\"NormalTextRun SCXW87638543 BCX8\"> bathroom ($)\u00a0<\/span><\/span><span class=\"EOP SCXW87638543 BCX8\" data-ccp-props=\"{&quot;134233117&quot;:false,&quot;134233118&quot;:false,&quot;201341983&quot;:0,&quot;335559737&quot;:0,&quot;335559738&quot;:0,&quot;335559739&quot;:0,&quot;335559740&quot;:257}\">\u00a0<\/span><\/li>\n<li><a href=\"https:\/\/duvetnor.com\/wp-content\/uploads\/2025\/03\/Plan-GriveParuline.png\" target=\"_blank\" rel=\"noopener\">La Grive &amp; La Paruline<\/a> (1 br): <span class=\"TextRun SCXW152468607 BCX8\" lang=\"EN-CA\" xml:lang=\"EN-CA\" data-contrast=\"auto\"><span class=\"NormalTextRun SCXW152468607 BCX8\">1 queen bed (max 2 persons), 1 bathroom. One <\/span><span class=\"NormalTextRun ContextualSpellingAndGrammarErrorV2Themed SCXW152468607 BCX8\">additional\u00a0 bedroom<\/span><span class=\"NormalTextRun SCXW152468607 BCX8\"> including 1 queen bed and one single bed (max 3 persons) can be added ($)<\/span><\/span><span class=\"EOP SCXW152468607 BCX8\" data-ccp-props=\"{&quot;134233117&quot;:false,&quot;134233118&quot;:false,&quot;201341983&quot;:0,&quot;335559737&quot;:0,&quot;335559738&quot;:0,&quot;335559739&quot;:0,&quot;335559740&quot;:257}\">\u00a0<\/span><\/li>\n<\/ul>\n<p><span data-contrast=\"auto\">The contemporary architecture of La Grive, La Paruline, Le B\u00e9casseau, L&#8217;\u00c9pervier, and Le Chipeau breaks with the traditional style of L&#8217;Anse, La Chouette, and La G\u00e9linotte. <\/span><span data-ccp-props=\"{&quot;134233117&quot;:false,&quot;134233118&quot;:false,&quot;201341983&quot;:0,&quot;335559737&quot;:0,&quot;335559738&quot;:0,&quot;335559739&quot;:0,&quot;335559740&quot;:257}\">\u00a0<\/span><\/p>\n<p><span data-contrast=\"auto\">The proximity of Le B\u00e9casseau, L&#8217;\u00c9pervier, La Grive and La Paruline means that we have to limit the number of guests to two, and we don&#8217;t accept children under the age of 10, to respect the peace and quiet of our neighbors. All the other cottages are well-suited to accommodate families with younger children, and are set far apart from each other.<\/span><span data-ccp-props=\"{&quot;134233117&quot;:false,&quot;134233118&quot;:false,&quot;201341983&quot;:0,&quot;335559737&quot;:0,&quot;335559738&quot;:0,&quot;335559739&quot;:0,&quot;335559740&quot;:257}\">\u00a0<\/span><\/p>\n<p><span data-contrast=\"auto\">A new two-unit chalet (La Grive and La Paruline) will be available from June 2025. Each unit can accommodate 2 people independently, but it is also possible to add 3 extra people ($) by reserving the adjoining room between the two units.<\/span><span data-ccp-props=\"{&quot;134233117&quot;:false,&quot;134233118&quot;:false,&quot;201341983&quot;:0,&quot;335559737&quot;:0,&quot;335559738&quot;:0,&quot;335559739&quot;:0,&quot;335559740&quot;:257}\">\u00a0<\/span><\/p>\n<p><span data-contrast=\"auto\">Additional bathrooms: Rentals of the Chipeau, Chouettte, and G\u00e9linotte include one or two bathrooms. However, it is possible to open one or two additional bathrooms for a fee of $30+tax per bathroom for the duration of your stay.<\/span><\/p>\n\n","protected":false},"excerpt":{"rendered":"L&#8217;Anse (2 br) : 2 queen beds and one single bed (max 5 persons), 1 bathroom\u00a0 La Chouette (3 br) : 2 queen beds and 2 single beds (max 6 persons), 1 bathroom + 1 additional bathroom ($) La G\u00e9linotte (3 br): 6 single beds (max 6 persons), 1 bathroom + 2 additional bathrooms ($)\u00a0\u00a0&#8230; <a class=\"view-article\" href=\"https:\/\/duvetnor.com\/en\/lodging\/ile-aux-lievres\/cottages\/\">View Article<\/a>","protected":false},"author":1,"featured_media":1712,"parent":1018,"menu_order":2,"comment_status":"closed","ping_status":"closed","template":"template-sejour-child.php","meta":{"_acf_changed":false,"_monsterinsights_skip_tracking":false,"_monsterinsights_sitenote_active":false,"_monsterinsights_sitenote_note":"","_monsterinsights_sitenote_category":0,"footnotes":""},"class_list":["post-1023","page","type-page","status-publish","has-post-thumbnail","hentry"],"acf":[],"aioseo_notices":[],"_links":{"self":[{"href":"https:\/\/duvetnor.com\/en\/wp-json\/wp\/v2\/pages\/1023","targetHints":{"allow":["GET"]}}],"collection":[{"href":"https:\/\/duvetnor.com\/en\/wp-json\/wp\/v2\/pages"}],"about":[{"href":"https:\/\/duvetnor.com\/en\/wp-json\/wp\/v2\/types\/page"}],"author":[{"embeddable":true,"href":"https:\/\/duvetnor.com\/en\/wp-json\/wp\/v2\/users\/1"}],"replies":[{"embeddable":true,"href":"https:\/\/duvetnor.com\/en\/wp-json\/wp\/v2\/comments?post=1023"}],"version-history":[{"count":137,"href":"https:\/\/duvetnor.com\/en\/wp-json\/wp\/v2\/pages\/1023\/revisions"}],"predecessor-version":[{"id":9368,"href":"https:\/\/duvetnor.com\/en\/wp-json\/wp\/v2\/pages\/1023\/revisions\/9368"}],"up":[{"embeddable":true,"href":"https:\/\/duvetnor.com\/en\/wp-json\/wp\/v2\/pages\/1018"}],"wp:featuredmedia":[{"embeddable":true,"href":"https:\/\/duvetnor.com\/en\/wp-json\/wp\/v2\/media\/1712"}],"wp:attachment":[{"href":"https:\/\/duvetnor.com\/en\/wp-json\/wp\/v2\/media?parent=1023"}],"curies":[{"name":"wp","href":"https:\/\/api.w.org\/{rel}","templated":true}]}}